{"id":809,"date":"2023-10-16T16:49:02","date_gmt":"2023-10-16T14:49:02","guid":{"rendered":"https:\/\/33600building.com\/cookiebeleid\/"},"modified":"2024-03-08T13:49:41","modified_gmt":"2024-03-08T12:49:41","slug":"cookiebeleid","status":"publish","type":"page","link":"https:\/\/33600building.com\/nl\/cookiebeleid\/","title":{"rendered":"Cookiebeleid"},"content":{"rendered":"<p>[et_pb_section fb_built=&#8221;1&#8243; _builder_version=&#8221;4.22.2&#8243; _module_preset=&#8221;default&#8221; global_colors_info=&#8221;{}&#8221;][et_pb_row _builder_version=&#8221;4.22.2&#8243; _module_preset=&#8221;default&#8221; global_colors_info=&#8221;{}&#8221;][et_pb_column type=&#8221;4_4&#8243; _builder_version=&#8221;4.22.2&#8243; _module_preset=&#8221;default&#8221; global_colors_info=&#8221;{}&#8221;][et_pb_text _builder_version=&#8221;4.23.4&#8243; _module_preset=&#8221;default&#8221; hover_enabled=&#8221;0&#8243; global_colors_info=&#8221;{}&#8221; sticky_enabled=&#8221;0&#8243;]<\/p>\n<div class=\"content-block \">\n<div class=\"page-container container\">\n<div class=\"row\">\n<div class=\"col-md-12 entry-content\">\n<article>\n<section class=\"wpb-content-wrapper\">\n<div class=\"vc_row wpb_row vc_row-fluid vc_custom_1652428665878\">\n<div class=\"wpb_column vc_column_container vc_col-sm-12\">\n<div class=\"vc_column-inner\">\n<div class=\"wpb_wrapper\">\n<div class=\"mgt-header-block clearfix text-left text-black wpb_content_element mgt-header-block-style-1 mgt-header-texttransform-header \">\n<h1 class=\"mgt-header-block-title\"><span style=\"color: #333333;\">COOKIEBELEID<\/span><\/h1>\n<div class=\"mgt-header-line\"><\/div>\n<\/div>\n<div class=\"vc_empty_space\"><span class=\"vc_empty_space_inner\" style=\"color: #333333;\"><\/span><\/div>\n<\/div>\n<\/div>\n<\/div>\n<\/div>\n<div class=\"vc_row wpb_row vc_row-fluid\">\n<div class=\"wpb_column vc_column_container vc_col-sm-12\">\n<div class=\"vc_column-inner\">\n<div class=\"wpb_wrapper\">\n<div class=\"wpb_text_column wpb_content_element \">\n<div class=\"wpb_wrapper\">\n<h3><span style=\"color: #333333;\"><strong><\/strong><\/span><\/h3>\n<h3><span style=\"color: #333333;\"><strong><\/strong><\/span><\/h3>\n<h3><span style=\"color: #333333;\"><strong>INFORMATIE OVER COOKIES<\/strong><\/span><\/h3>\n<p><span style=\"color: #333333;\"> <\/span><\/p>\n<h3><span style=\"color: #333333;\"><strong>TEN EERSTE<\/strong><\/span><\/h3>\n<p>We gebruiken<span> <\/span>eigen cookies en <em>cookies<\/em> van derden om onze services te verbeteren en u advertenties te tonen die aansluiten bij uw voorkeuren door uw surfgedrag te analyseren. Door verder te surfen op de site gaat u akkoord met het gebruik van cookies. U kunt de instellingen wijzigen of hier meer informatie krijgen.<\/p>\n<p>&nbsp;<\/p>\n<h3><span style=\"color: #333333;\"><strong>TEN TWEEDE<\/strong><\/span><\/h3>\n<h3><span style=\"color: #333333;\">Definitie en functie van cookies<\/span><\/h3>\n<p><span style=\"color: #333333;\"> <\/span><\/p>\n<h3><span style=\"color: #333333;\">Wat zijn <em>cookies<\/em>?<\/span><\/h3>\n<p>Een<span> <\/span><em>cookie is<\/em>een bestand dat naar uw computer wordt gedownload wanneer u bepaalde websites bezoekt. De<span> <\/span><em>Cookies<\/em>stellen een website onder andere in staat om informatie over het surfgedrag van een gebruiker of zijn apparatuur op te slaan en op te halen en kunnen, afhankelijk van de informatie die ze bevatten en de manier waarop de apparatuur wordt gebruikt, worden gebruikt om de gebruiker te herkennen. Afhankelijk van de entiteit die het domein beheert van waaruit de<span> <\/span><em>cookies<span> <\/span><\/em>en de verkregen gegevens verwerken, kunnen twee soorten worden onderscheiden:<span> <\/span><em>eigen cookies<\/em>en<span> <\/span><em>cookies<\/em>van derden. Er is ook een tweede classificatie op basis van de duur dat ze opgeslagen blijven in de browser van de klant.<span> <\/span><em>sessiecookies<\/em>of<span> <\/span><em>cookies<\/em>. Tot slot is er nog een classificatie met vijf soorten cookies, afhankelijk van het doel waarvoor de verkregen gegevens worden verwerkt:<span> <\/span><em>Cookie technieken<\/em>,<span> <\/span><em>cookies<span> <\/span><\/em>voor personalisatie,<span> <\/span>analytische <em>cookies<\/em>,<span> <\/span><em>reclamecookies<\/em>en<span> <\/span><em>cookies<\/em>voor gedragsgericht adverteren. Raadpleeg voor meer informatie over dit onderwerp de handleiding voor het gebruik van de<span> <\/span><em>cookies<\/em>van het Spaanse bureau voor gegevensbescherming.<\/p>\n<p>&nbsp;<\/p>\n<h3><span style=\"color: #333333;\">Welk type <em>cookies<\/em> gebruikt deze website?<\/span><\/h3>\n<p><strong>Cookies<\/strong><strong><span> <\/span>voor analyse:<span> <\/span><\/strong>Met deze cookies, die door ons of door derden worden verwerkt, kunnen we het aantal gebruikers kwantificeren en zo het gebruik van de aangeboden dienst door de gebruikers meten en statistisch analyseren. Voor dit doel wordt uw surfgedrag op onze website geanalyseerd om het aanbod van producten of diensten dat wij u aanbieden te verbeteren. Deze website maakt gebruik van Google Analytics, een webanalysedienst ontwikkeld door Google, waarmee de navigatie op websites kan worden gemeten en geanalyseerd. In je browser zie je vier<span> <\/span><em>cookies van<\/em>deze service: _utma, _utmb, _utmc en _utmc . Volgens de bovenstaande typologie zijn dit<span> <\/span><em>eigen cookies<\/em>, sessiecookies en analytische cookies. U kunt meer informatie vinden over dit onderwerp en het gebruik ervan uitschakelen<span> <\/span><em>cookies op<\/em>het volgende adres:<span> <\/span><em><u>https:\/\/www.google.com\/intl\/es_es\/policies\/technologies\/cookies<\/u><\/em><\/p>\n<p>Via webanalyse wordt informatie verkregen over het aantal gebruikers dat de website bezoekt, het aantal bekeken pagina&#8217;s, de frequentie en herhaling van bezoeken, de duur ervan, de gebruikte browser, de operator die de dienst levert, de taal, de gebruikte terminal of de stad waaraan uw IP-adres is toegewezen. Informatie die een betere en geschiktere service van deze website mogelijk maakt.<\/p>\n<p><strong>Cookies<span> <\/span><\/strong><strong>voor personalisatie:<span> <\/span><\/strong>Dit zijn cookies waarmee we de voorkeuren kunnen onthouden die de gebruiker heeft geselecteerd tijdens zijn vorige bezoek aan onze website (bijvoorbeeld de taal).<\/p>\n<p><strong>Advertentiecookies:<span> <\/span><\/strong>Dit zijn gegevens die door ons of door derden worden verwerkt om het aanbod van advertentieruimte op de website zo effici\u00ebnt mogelijk te beheren, waarbij de inhoud van de advertentie wordt aangepast aan de inhoud van de gevraagde dienst of aan het gebruik dat u van onze website maakt. Hiervoor kunnen we uw surfgedrag op internet analyseren en kunnen we u reclame tonen die gerelateerd is aan uw surfprofiel.<\/p>\n<\/div>\n<\/div>\n<div class=\"vc_empty_space\"><span class=\"vc_empty_space_inner\"><\/span><\/div>\n<div class=\"vc_empty_space\"><span class=\"vc_empty_space_inner\"><\/span><\/div>\n<\/div>\n<\/div>\n<\/div>\n<\/div>\n<div class=\"vc_row wpb_row vc_row-fluid\">\n<div class=\"wpb_column vc_column_container vc_col-sm-12\">\n<div class=\"vc_column-inner\">\n<div class=\"wpb_wrapper\">\n<div class=\"wpb_text_column wpb_content_element \">\n<div class=\"wpb_wrapper\">\n<table>\n<tbody>\n<tr>\n<td width=\"121\">Naam cookie<\/td>\n<td width=\"98\">Type cookie<\/td>\n<td width=\"98\">Wie plaatst de cookie?<\/td>\n<td width=\"164\">Doel van de cookie<\/td>\n<\/tr>\n<tr>\n<td width=\"121\">\n<div class=\"page\" title=\"Pagina 14\">\n<div class=\"layoutArea\">\n<div class=\"column\">\n<p>ac_cookies<\/p>\n<\/div>\n<\/div>\n<\/div>\n<\/td>\n<td width=\"98\">\n<div class=\"page\" title=\"Pagina 14\">\n<div class=\"layoutArea\">\n<div class=\"column\">\n<p>techniek<\/p>\n<\/div>\n<\/div>\n<\/div>\n<\/td>\n<td width=\"98\"><\/td>\n<td width=\"164\">\n<div class=\"page\" title=\"Pagina 14\">\n<div class=\"layoutArea\">\n<div class=\"column\">\n<p>bevat de waarde of de installatie van cookies is geaccepteerd.<\/p>\n<\/div>\n<\/div>\n<\/div>\n<\/td>\n<\/tr>\n<tr>\n<td width=\"121\">\n<div class=\"page\" title=\"Pagina 14\">\n<div class=\"layoutArea\">\n<div class=\"column\">\n<p>_ga<\/p>\n<\/div>\n<\/div>\n<\/div>\n<\/td>\n<td width=\"98\">analytics<\/td>\n<td width=\"98\">\n<div class=\"page\" title=\"Pagina 14\">\n<div class=\"layoutArea\">\n<div class=\"column\">\n<p>Google Analytics<\/p>\n<\/div>\n<\/div>\n<\/div>\n<\/td>\n<td width=\"164\">\n<div class=\"page\" title=\"Pagina 14\">\n<div class=\"layoutArea\">\n<div class=\"column\">\n<p>schakelt de functie voor bewaking met \u00e9\u00e9n bezoek in<\/p>\n<\/div>\n<\/div>\n<\/div>\n<\/td>\n<\/tr>\n<tr>\n<td width=\"121\">\n<div class=\"page\" title=\"Pagina 14\">\n<div class=\"layoutArea\">\n<div class=\"column\">\n<p>_gat<\/p>\n<\/div>\n<\/div>\n<\/div>\n<\/td>\n<td width=\"98\">analytics<\/td>\n<td width=\"98\">\n<div class=\"page\" title=\"Pagina 14\">\n<div class=\"layoutArea\">\n<div class=\"column\">\n<p>Google Analytics<\/p>\n<\/div>\n<\/div>\n<\/div>\n<\/td>\n<td width=\"164\">\n<div class=\"page\" title=\"Pagina 14\">\n<div class=\"layoutArea\">\n<div class=\"column\">\n<p>beperking van gegevensverzameling op drukke locaties<\/p>\n<\/div>\n<\/div>\n<\/div>\n<\/td>\n<\/tr>\n<tr>\n<td width=\"121\">\n<div class=\"page\" title=\"Pagina 14\">\n<div class=\"layoutArea\">\n<div class=\"column\">\n<p>_utma,<\/p>\n<div class=\"page\" title=\"Pagina 15\">\n<div class=\"layoutArea\">\n<div class=\"column\">\n<p>_utmb,<\/p>\n<div class=\"page\" title=\"Pagina 15\">\n<div class=\"layoutArea\">\n<div class=\"column\">\n<p>_utmc<\/p>\n<div class=\"page\" title=\"Pagina 15\">\n<div class=\"layoutArea\">\n<div class=\"column\">\n<p>_utmt<\/p>\n<div class=\"page\" title=\"Pagina 15\">\n<div class=\"layoutArea\">\n<div class=\"column\">\n<p>_utmv<\/p>\n<div class=\"page\" title=\"Pagina 15\">\n<div class=\"layoutArea\">\n<div class=\"column\">\n<p>_utmz<\/p>\n<\/div>\n<\/div>\n<\/div>\n<\/div>\n<\/div>\n<\/div>\n<\/div>\n<\/div>\n<\/div>\n<\/div>\n<\/div>\n<\/div>\n<\/div>\n<\/div>\n<\/div>\n<\/div>\n<\/div>\n<\/div>\n<\/td>\n<td width=\"98\">analytics<\/td>\n<td width=\"98\">\n<div class=\"page\" title=\"Pagina 14\">\n<div class=\"layoutArea\">\n<div class=\"column\">\n<p>Google Analytics<\/p>\n<\/div>\n<\/div>\n<\/div>\n<\/td>\n<td width=\"164\">\n<div class=\"page\" title=\"Pagina 14\">\n<div class=\"layoutArea\">\n<div class=\"column\">\n<div class=\"page\" title=\"Pagina 14\">\n<div class=\"layoutArea\">\n<div class=\"column\">\n<p>registreert de datum van het eerste en laatste bezoek van de gebruiker aan de site, de tijd, het type verzoek, demografische gegevens en wordt verwijderd aan het einde van de sessie of wanneer de browser wordt gesloten.<\/p>\n<\/div>\n<\/div>\n<\/div>\n<\/div>\n<\/div>\n<\/div>\n<\/td>\n<\/tr>\n<\/tbody>\n<\/table>\n<\/div>\n<\/div>\n<\/div>\n<\/div>\n<\/div>\n<\/div>\n<div class=\"vc_row wpb_row vc_row-fluid\">\n<div class=\"wpb_column vc_column_container vc_col-sm-12\">\n<div class=\"vc_column-inner\">\n<div class=\"wpb_wrapper\">\n<div class=\"vc_empty_space\"><span class=\"vc_empty_space_inner\"><\/span><\/div>\n<div class=\"vc_empty_space\"><span class=\"vc_empty_space_inner\"><\/span><\/div>\n<div class=\"wpb_text_column wpb_content_element \">\n<div class=\"wpb_wrapper\">\n<h3><span style=\"color: #333333;\">Aanvaarding van het <em>cookiebeleid<\/em><\/span><\/h3>\n<p>33 600 Building S.L. gaat ervan uit dat u het gebruik van<span> <\/span><em>cookies<\/em>aanvaardt, maar geeft bij elke aanmelding bovenaan elke pagina van de website informatie over haar<span> <\/span><em>cookiebeleid<\/em>, zodat u hiervan op de hoogte bent.<\/p>\n<p>Op basis van deze informatie zijn de volgende acties mogelijk:[MODIFICAR SEG\u00daN CORRESPONDA]<\/p>\n<p><strong>Aceptar.<span> <\/span><\/strong>Para aceptar la colocaci\u00f3n y\/o lectura de las<span> <\/span><em>cookies<span> <\/span><\/em>anal\u00edticas de Google.<\/p>\n<p><strong>Modificar su configuraci\u00f3n.<span> <\/span><\/strong>Podr\u00e1 obtener m\u00e1s informaci\u00f3n sobre qu\u00e9 son las<span> <\/span><em>cookies,<\/em>conocer la pol\u00edtica de<span> <\/span><em>cookies<\/em>de 33 600 Building S.L. y modificar la configuraci\u00f3n de su navegador.<\/p>\n<p>&nbsp;<\/p>\n<h3><span style=\"color: #333333;\">Hoe <em>cookies<\/em> blokkeren of verwijderen?<\/span><\/h3>\n<p>Je kunt het volgende toestaan, blokkeren of verwijderen<span> <\/span><em>cookies<\/em> dieop uw computer zijn ge\u00efnstalleerddoor de browseropties op uw computer te configureren. In elke browser is de bediening anders, de &#8216;Help&#8217;-functie laat je zien hoe je dit moet doen.<\/p>\n<p><strong>Internet Explorer<\/strong>:<span> <\/span><em><u>windows.microsoft.com\/nl-xl\/internet-explorer\/verwijder-beheerkookies#ie=&#8221;ie-10<\/u>&#8220;<\/em><\/p>\n<p><strong>FireFox<\/strong>:<span> <\/span><em><u>support.mozilla.org\/kb\/Wissen%20cookies<\/u><\/em><\/p>\n<p><strong>Chrome<\/strong>:<span> <\/span><em><u>support.google.com\/chrome\/answer\/95647?hl=&#8221;en&#8221;<\/u><\/em><\/p>\n<p><strong>Safari<\/strong>:<span> <\/span><em><u>apple.com\/privacy\/gebruik-van-cookies<\/u><\/em><\/p>\n<p>Daarnaast kunt u de opslag van cookies in uw browser beheren met hulpmiddelen zoals de volgende:<\/p>\n<p><strong>Ghostery<\/strong>:<span> <\/span><em><u>ghostery.com<\/u><\/em><\/p>\n<p>Jouw online keuzes:<span> <\/span><em><u>youronlinechoices.com\/nl<\/u><\/em><\/p>\n<\/div>\n<\/div>\n<\/div>\n<\/div>\n<\/div>\n<\/div>\n<\/section>\n<\/article>\n<\/div>\n<\/div>\n<\/div>\n<\/div>\n<p>[\/et_pb_text][\/et_pb_column][\/et_pb_row][\/et_pb_section]<\/p>\n","protected":false},"excerpt":{"rendered":"<p>COOKIEBELEID INFORMATIE OVER COOKIES TEN EERSTE We gebruiken eigen cookies en cookies van derden om onze services te verbeteren en u advertenties te tonen die aansluiten bij uw voorkeuren door uw surfgedrag te analyseren. Door verder te surfen op de site gaat u akkoord met het gebruik van cookies. U kunt de instellingen wijzigen of [&hellip;]<\/p>\n","protected":false},"author":1,"featured_media":0,"parent":0,"menu_order":0,"comment_status":"closed","ping_status":"closed","template":"","meta":{"_et_pb_use_builder":"on","_et_pb_old_content":"","_et_gb_content_width":"","footnotes":""},"class_list":["post-809","page","type-page","status-publish","hentry"],"_links":{"self":[{"href":"https:\/\/33600building.com\/nl\/wp-json\/wp\/v2\/pages\/809","targetHints":{"allow":["GET"]}}],"collection":[{"href":"https:\/\/33600building.com\/nl\/wp-json\/wp\/v2\/pages"}],"about":[{"href":"https:\/\/33600building.com\/nl\/wp-json\/wp\/v2\/types\/page"}],"author":[{"embeddable":true,"href":"https:\/\/33600building.com\/nl\/wp-json\/wp\/v2\/users\/1"}],"replies":[{"embeddable":true,"href":"https:\/\/33600building.com\/nl\/wp-json\/wp\/v2\/comments?post=809"}],"version-history":[{"count":2,"href":"https:\/\/33600building.com\/nl\/wp-json\/wp\/v2\/pages\/809\/revisions"}],"predecessor-version":[{"id":811,"href":"https:\/\/33600building.com\/nl\/wp-json\/wp\/v2\/pages\/809\/revisions\/811"}],"wp:attachment":[{"href":"https:\/\/33600building.com\/nl\/wp-json\/wp\/v2\/media?parent=809"}],"curies":[{"name":"wp","href":"https:\/\/api.w.org\/{rel}","templated":true}]}}